{"id":2,"date":"2023-08-15T19:06:34","date_gmt":"2023-08-15T22:06:34","guid":{"rendered":"https:\/\/inteligenciaetecnologias.com.br\/?page_id=2"},"modified":"2023-10-24T09:39:56","modified_gmt":"2023-10-24T12:39:56","slug":"pagina-exemplo","status":"publish","type":"page","link":"https:\/\/inteligenciaetecnologias.com.br\/index.php\/pagina-exemplo\/","title":{"rendered":"Quem somos"},"content":{"rendered":"\r\n<blockquote class=\"wp-block-quote\">\r\n<p>Ol\u00e1! Trabalho com Tecnologias e Geoprocessamento. Esta p\u00e1gina tem o intuito de compartilhar conte\u00fado sobre aulas, tutoriais, cursos e dicas para estas \u00e1reas bem como sobre Intelig\u00eancia Artificial e Intelig\u00eancia de Dados.\u00a0<\/p>\r\n<\/blockquote>\r\n\r\n\r\n\r\n<blockquote class=\"wp-block-quote\">\r\n<p>Explore o futuro da intelig\u00eancia e tecnologias com nosso blog repleto de insights sobre tecnologias, sua aplica\u00e7\u00e3o na educa\u00e7\u00e3o, geoprocessamento e intelig\u00eancia de dados. Descubra dicas e tutoriais para impulsionar sua compreens\u00e3o e aproveitar ao m\u00e1ximo essas inova\u00e7\u00f5es.<\/p>\r\n<\/blockquote>\r\n<p>Seja bem vind@s!<\/p>\r\n","protected":false},"excerpt":{"rendered":"<p>Ol\u00e1! Trabalho com Tecnologias e Geoprocessamento. Esta p\u00e1gina tem o intuito de compartilhar conte\u00fado sobre aulas, tutoriais, cursos e dicas para estas \u00e1reas bem como sobre Intelig\u00eancia Artificial e Intelig\u00eancia de Dados.\u00a0 Explore o futuro da intelig\u00eancia e tecnologias com nosso blog repleto de insights sobre tecnologias, sua aplica\u00e7\u00e3o na educa\u00e7\u00e3o, geoprocessamento e intelig\u00eancia de &hellip;<\/p>\n<p class=\"read-more\"> <a class=\"\" href=\"https:\/\/inteligenciaetecnologias.com.br\/index.php\/pagina-exemplo\/\"> <span class=\"screen-reader-text\">Quem somos<\/span> Leia mais &raquo;<\/a><\/p>\n","protected":false},"author":1,"featured_media":0,"parent":0,"menu_order":0,"comment_status":"closed","ping_status":"open","template":"","meta":{"om_disable_all_campaigns":false,"_monsterinsights_skip_tracking":false,"_monsterinsights_sitenote_active":false,"_monsterinsights_sitenote_note":"","_monsterinsights_sitenote_category":0,"site-sidebar-layout":"default","site-content-layout":"","ast-site-content-layout":"default","site-content-style":"default","site-sidebar-style":"default","ast-global-header-display":"","ast-banner-title-visibility":"","ast-main-header-display":"","ast-hfb-above-header-display":"","ast-hfb-below-header-display":"","ast-hfb-mobile-header-display":"","site-post-title":"","ast-breadcrumbs-content":"","ast-featured-img":"","footer-sml-layout":"","theme-transparent-header-meta":"default","adv-header-id-meta":"","stick-header-meta":"","header-above-stick-meta":"","header-main-stick-meta":"","header-below-stick-meta":"","astra-migrate-meta-layouts":"set","footnotes":""},"class_list":["post-2","page","type-page","status-publish","hentry"],"_links":{"self":[{"href":"https:\/\/inteligenciaetecnologias.com.br\/index.php\/wp-json\/wp\/v2\/pages\/2","targetHints":{"allow":["GET"]}}],"collection":[{"href":"https:\/\/inteligenciaetecnologias.com.br\/index.php\/wp-json\/wp\/v2\/pages"}],"about":[{"href":"https:\/\/inteligenciaetecnologias.com.br\/index.php\/wp-json\/wp\/v2\/types\/page"}],"author":[{"embeddable":true,"href":"https:\/\/inteligenciaetecnologias.com.br\/index.php\/wp-json\/wp\/v2\/users\/1"}],"replies":[{"embeddable":true,"href":"https:\/\/inteligenciaetecnologias.com.br\/index.php\/wp-json\/wp\/v2\/comments?post=2"}],"version-history":[{"count":3,"href":"https:\/\/inteligenciaetecnologias.com.br\/index.php\/wp-json\/wp\/v2\/pages\/2\/revisions"}],"predecessor-version":[{"id":146,"href":"https:\/\/inteligenciaetecnologias.com.br\/index.php\/wp-json\/wp\/v2\/pages\/2\/revisions\/146"}],"wp:attachment":[{"href":"https:\/\/inteligenciaetecnologias.com.br\/index.php\/wp-json\/wp\/v2\/media?parent=2"}],"curies":[{"name":"wp","href":"https:\/\/api.w.org\/{rel}","templated":true}]}}